{"id":3898,"date":"2021-06-16T08:14:50","date_gmt":"2021-06-16T06:14:50","guid":{"rendered":"http:\/\/kropp-mancave.com\/?page_id=3898"},"modified":"2021-08-13T18:30:20","modified_gmt":"2021-08-13T16:30:20","slug":"collectibles","status":"publish","type":"page","link":"https:\/\/kropp-mancave.com\/?page_id=3898","title":{"rendered":"COLLECTIBLES"},"content":{"rendered":"\n<p class=\"has-drop-cap\"><em>Collectibles\/ Sammlerst\u00fccke<\/em> definiert sich als alles Sammelbares f\u00fcr eine Person, manche Objekte sind einfach nur von &#8220;sentimentalem Wert&#8221;, andere brauchen sie lediglich als Komplettierungs-mittel und anderes kann viele Tausende von Euros wert sein.<br><br>Zu dem Zeitpunkt wo ich diesen Teil der Webseite aufbaue, dachte ich lediglich an Action Figuren die ich hier pr\u00e4sentieren wollte\/will. Ich denke aber diese Kategorie wird sich im Laufe der Zeit sehr schnell noch mit vielem mehr f\u00fcllen. Auch lege ich keinen Wert auf Komplette Sammlungen in dieser Sektion &#8211; mir gehts viel eher darum, einen Ausblick zu bieten was es so geben kann&#8230;<\/p>\n\n\n<div class=\"advgb-recent-posts-block list-view image-right\"><div class=\"advgb-recent-posts\"><article class=\"advgb-recent-post\"><div class=\"advgb-post-thumbnail\"><a href=\"https:\/\/kropp-mancave.com\/?p=3944\"><img width=\"640\" height=\"484\" src=\"https:\/\/kropp-mancave.com\/wp-content\/uploads\/2021\/07\/Action-Figure-Starter-1024x775.jpg?v=1625396593\" class=\"attachment-large size-large\" alt=\"\" loading=\"lazy\" srcset=\"https:\/\/kropp-mancave.com\/wp-content\/uploads\/2021\/07\/Action-Figure-Starter-1024x775.jpg?v=1625396593 1024w, https:\/\/kropp-mancave.com\/wp-content\/uploads\/2021\/07\/Action-Figure-Starter-300x227.jpg?v=1625396593 300w, https:\/\/kropp-mancave.com\/wp-content\/uploads\/2021\/07\/Action-Figure-Starter-768x581.jpg?v=1625396593 768w, https:\/\/kropp-mancave.com\/wp-content\/uploads\/2021\/07\/Action-Figure-Starter-1536x1162.jpg?v=1625396593 1536w, https:\/\/kropp-mancave.com\/wp-content\/uploads\/2021\/07\/Action-Figure-Starter.jpg?v=1625396593 1561w\" sizes=\"(max-width: 640px) 100vw, 640px\" \/><\/a><\/div><div class=\"advgb-post-wrapper\"><h2 class=\"advgb-post-title\"><a href=\"https:\/\/kropp-mancave.com\/?p=3944\">ACTION FIGUREN<\/a><\/h2><div class=\"advgb-post-info\"><\/div><div class=\"advgb-post-tax-info\"><\/div><div class=\"advgb-post-content\"><div class=\"advgb-post-excerpt\">Action Figuren existieren bereits seit einigen Jahrzehnten. Wer kennt sie nicht? He-Man? Die Turtles, Ghostbusters, Star Trek als auch Star Wars. Selbst Jurassic Park entwickelte sich in den Neunzigern als Nennenswerte Gr\u00f6\u00dfe Hasbro, Playmates, Kenner und viel Brands sind seit Jahrzehnten dabei. Neue<\/div><div class=\"advgb-post-readmore\"><a href=\"https:\/\/kropp-mancave.com\/?p=3944\">Read More<\/a><\/div><\/div><\/div><\/article><article class=\"advgb-recent-post advgb-recent-post--no-image\"><div class=\"advgb-post-wrapper\"><h2 class=\"advgb-post-title\"><a href=\"https:\/\/kropp-mancave.com\/?p=4071\">ANDERES<\/a><\/h2><div class=\"advgb-post-info\"><\/div><div class=\"advgb-post-tax-info\"><\/div><div class=\"advgb-post-content\"><div class=\"advgb-post-excerpt\"><\/div><div class=\"advgb-post-readmore\"><a href=\"https:\/\/kropp-mancave.com\/?p=4071\">Read More<\/a><\/div><\/div><\/div><\/article><article class=\"advgb-recent-post\"><div class=\"advgb-post-thumbnail\"><a href=\"https:\/\/kropp-mancave.com\/?p=4117\"><img width=\"640\" height=\"511\" src=\"https:\/\/kropp-mancave.com\/wp-content\/uploads\/2021\/06\/busts-and-figurine-theme-1024x817.jpg?v=1624349700\" class=\"attachment-large size-large\" alt=\"\" loading=\"lazy\" srcset=\"https:\/\/kropp-mancave.com\/wp-content\/uploads\/2021\/06\/busts-and-figurine-theme-1024x817.jpg?v=1624349700 1024w, https:\/\/kropp-mancave.com\/wp-content\/uploads\/2021\/06\/busts-and-figurine-theme-300x239.jpg?v=1624349700 300w, https:\/\/kropp-mancave.com\/wp-content\/uploads\/2021\/06\/busts-and-figurine-theme-768x613.jpg?v=1624349700 768w, https:\/\/kropp-mancave.com\/wp-content\/uploads\/2021\/06\/busts-and-figurine-theme.jpg?v=1624349700 1459w\" sizes=\"(max-width: 640px) 100vw, 640px\" \/><\/a><\/div><div class=\"advgb-post-wrapper\"><h2 class=\"advgb-post-title\"><a href=\"https:\/\/kropp-mancave.com\/?p=4117\">B\u00fcsten,  Figuren &#038; Puppen<\/a><\/h2><div class=\"advgb-post-info\"><\/div><div class=\"advgb-post-tax-info\"><\/div><div class=\"advgb-post-content\"><div class=\"advgb-post-excerpt\">Funko-Pops, Figuren zu Videospielen, Filmen und Comics sind immer wieder beliebt. Die Qualit\u00e4t der Figuren hat sich seid den sp\u00e4ten 80er Jahren massiv qualitativ aber auch quantitativ verbessert und jeder sollte jetzt etwas f\u00fcr sich finden. Anbei die kleine Auswahl die ich mein eigen nenne.<\/div><div class=\"advgb-post-readmore\"><a href=\"https:\/\/kropp-mancave.com\/?p=4117\">Read More<\/a><\/div><\/div><\/div><\/article><article class=\"advgb-recent-post advgb-recent-post--no-image\"><div class=\"advgb-post-wrapper\"><h2 class=\"advgb-post-title\"><a href=\"https:\/\/kropp-mancave.com\/?p=4898\">GRAPHIC NOVELS<\/a><\/h2><div class=\"advgb-post-info\"><\/div><div class=\"advgb-post-tax-info\"><\/div><div class=\"advgb-post-content\"><div class=\"advgb-post-excerpt\">Ja, Graphic Novels sind im Generellen ein besseres Synonym von &#8220;Comics&#8221;.Wobei ich pers\u00f6nlich eine Abgrenzung zu Mickey Mouse und Donald Duck Heften machen w\u00fcrde als auch zu den Serien wie X-Men oder Batman. Einige werden dies jetzt nat\u00fcrlich anders sehen, sei es drum! ich mach es auch schwammig. \ud83d\ude09 <\/div><div class=\"advgb-post-readmore\"><a href=\"https:\/\/kropp-mancave.com\/?p=4898\">Read More<\/a><\/div><\/div><\/div><\/article><article class=\"advgb-recent-post advgb-recent-post--no-image\"><div class=\"advgb-post-wrapper\"><h2 class=\"advgb-post-title\"><a href=\"https:\/\/kropp-mancave.com\/?p=4066\">MODEL KITS<\/a><\/h2><div class=\"advgb-post-info\"><\/div><div class=\"advgb-post-tax-info\"><\/div><div class=\"advgb-post-content\"><div class=\"advgb-post-excerpt\">Many Models have been build over time. not all of them are documented with Pictures. some of them, I have build moved also into the Trash. I do list here those models which I do have\/ had over time. for a lot of them, I do attach also a building report as soon as I have the push by myself to produce<\/div><div class=\"advgb-post-readmore\"><a href=\"https:\/\/kropp-mancave.com\/?p=4066\">Read More<\/a><\/div><\/div><\/div><\/article><article class=\"advgb-recent-post advgb-recent-post--no-image\"><div class=\"advgb-post-wrapper\"><h2 class=\"advgb-post-title\"><a href=\"https:\/\/kropp-mancave.com\/?p=4914\">Modellbaus\u00e4tze &#8211; Fertig und im Aufbau<\/a><\/h2><div class=\"advgb-post-info\"><\/div><div class=\"advgb-post-tax-info\"><\/div><div class=\"advgb-post-content\"><div class=\"advgb-post-excerpt\">Die Seite pr\u00e4sentiert Modellkits die sich in Bau befinden, als auch Modelle welche fertig gebaut sind.<\/div><div class=\"advgb-post-readmore\"><a href=\"https:\/\/kropp-mancave.com\/?p=4914\">Read More<\/a><\/div><\/div><\/div><\/article><article class=\"advgb-recent-post advgb-recent-post--no-image\"><div class=\"advgb-post-wrapper\"><h2 class=\"advgb-post-title\"><a href=\"https:\/\/kropp-mancave.com\/?p=4701\">Modellschiffe und Raumstationen<\/a><\/h2><div class=\"advgb-post-info\"><\/div><div class=\"advgb-post-tax-info\"><\/div><div class=\"advgb-post-content\"><div class=\"advgb-post-excerpt\">Diese Unterteilung, behandelt lediglich Schiffe welche gesammelt werden k\u00f6nnen wie von DeAgostini, Eaglemoss oder Furuta und keine Modelbaus\u00e4tze<\/div><div class=\"advgb-post-readmore\"><a href=\"https:\/\/kropp-mancave.com\/?p=4701\">Read More<\/a><\/div><\/div><\/div><\/article><article class=\"advgb-recent-post advgb-recent-post--no-image\"><div class=\"advgb-post-wrapper\"><h2 class=\"advgb-post-title\"><a href=\"https:\/\/kropp-mancave.com\/?p=4925\">REFURBs und REPAIRs<\/a><\/h2><div class=\"advgb-post-info\"><\/div><div class=\"advgb-post-tax-info\"><\/div><div class=\"advgb-post-content\"><div class=\"advgb-post-excerpt\">Im Laufe der Zeit geht einiges Kaputt, entweder es existiert in keinem besseren Zustand oder aber es ist Defekt Preiswerter oder aber es macht einfach nur Spa\u00df etwas in Schuss zu bringen.<\/div><div class=\"advgb-post-readmore\"><a href=\"https:\/\/kropp-mancave.com\/?p=4925\">Read More<\/a><\/div><\/div><\/div><\/article><\/div><\/div><p>Hits: 0<\/p>","protected":false},"excerpt":{"rendered":"<p>Collectibles\/ Sammlerst\u00fccke definiert sich als alles Sammelbares f\u00fcr eine Person, manche Objekte sind einfach nur von &#8220;sentimentalem Wert&#8221;, andere brauchen sie lediglich als&#8230;<\/p>\n","protected":false},"author":1,"featured_media":0,"parent":0,"menu_order":0,"comment_status":"closed","ping_status":"closed","template":"","meta":{"advgb_blocks_editor_width":"","advgb_blocks_columns_visual_guide":""},"coauthors":[],"author_meta":{"author_link":"https:\/\/kropp-mancave.com\/?author=1","display_name":"Mancave-Master"},"relative_dates":{"created":"Posted 5 years ago","modified":"Updated 5 years ago"},"absolute_dates":{"created":"Posted on 2021-06-16","modified":"Updated on 2021-08-13"},"absolute_dates_time":{"created":"Posted on 2021-06-16 08:14","modified":"Updated on 2021-08-13 18:30"},"featured_img_caption":"","featured_img":false,"_links":{"self":[{"href":"https:\/\/kropp-mancave.com\/index.php?rest_route=\/wp\/v2\/pages\/3898"}],"collection":[{"href":"https:\/\/kropp-mancave.com\/index.php?rest_route=\/wp\/v2\/pages"}],"about":[{"href":"https:\/\/kropp-mancave.com\/index.php?rest_route=\/wp\/v2\/types\/page"}],"author":[{"embeddable":true,"href":"https:\/\/kropp-mancave.com\/index.php?rest_route=\/wp\/v2\/users\/1"}],"replies":[{"embeddable":true,"href":"https:\/\/kropp-mancave.com\/index.php?rest_route=%2Fwp%2Fv2%2Fcomments&post=3898"}],"version-history":[{"count":10,"href":"https:\/\/kropp-mancave.com\/index.php?rest_route=\/wp\/v2\/pages\/3898\/revisions"}],"predecessor-version":[{"id":6402,"href":"https:\/\/kropp-mancave.com\/index.php?rest_route=\/wp\/v2\/pages\/3898\/revisions\/6402"}],"wp:attachment":[{"href":"https:\/\/kropp-mancave.com\/index.php?rest_route=%2Fwp%2Fv2%2Fmedia&parent=3898"}],"curies":[{"name":"wp","href":"https:\/\/api.w.org\/{rel}","templated":true}]}}