{"id":2717,"date":"2021-04-03T21:49:07","date_gmt":"2021-04-03T19:49:07","guid":{"rendered":"http:\/\/kropp-mancave.com\/?page_id=2717"},"modified":"2021-04-22T22:05:44","modified_gmt":"2021-04-22T20:05:44","slug":"u-s-s-voyager-building-the-ultimate-de","status":"publish","type":"page","link":"https:\/\/kropp-mancave.com\/?page_id=2717","title":{"rendered":"U.S.S. VOYAGER &#8211; bauen des ULTIMATIVEN Modells"},"content":{"rendered":"\n<figure class=\"wp-block-image size-large\"><img loading=\"lazy\" width=\"1024\" height=\"576\" src=\"http:\/\/kropp-mancave.com\/wp-content\/uploads\/2021\/04\/voyager-pic-1024x576.jpg\" alt=\"copyright - paramount-cbs\" class=\"wp-image-2912\" srcset=\"https:\/\/kropp-mancave.com\/wp-content\/uploads\/2021\/04\/voyager-pic-1024x576.jpg?v=1619118402 1024w, https:\/\/kropp-mancave.com\/wp-content\/uploads\/2021\/04\/voyager-pic-300x169.jpg?v=1619118402 300w, https:\/\/kropp-mancave.com\/wp-content\/uploads\/2021\/04\/voyager-pic-768x432.jpg?v=1619118402 768w, https:\/\/kropp-mancave.com\/wp-content\/uploads\/2021\/04\/voyager-pic.jpg?v=1619118402 1280w\" sizes=\"(max-width: 1024px) 100vw, 1024px\" \/><\/figure>\n\n\n\n<p>SPOILER! \u2013 sofern Ihr noch nicht Discovery gesehen habt.. Bitte lest diesen Text nicht, da er halt Spoiler enth\u00e4lt. Naja, ich bef\u00fcrworte durchaus das Ihr weiter lesen tut, aber ich werde euch informieren sobald es zum Spoiler kommt. Nat\u00fcrlich wei\u00df ich das die Spoiler-Info ignoriert ewrden wird, aber ich habe euch immerhin informiert. \ud83d\ude42<\/p>\n\n\n\n<p><\/p>\n\n\n\n<p>Die NCC 74565 wurde zuerst durch  Captain Kathryn Janeway kommandiert. Die Schauspielerin Kate Mulgrew war hierbei  \u201clediglich\u201d der Ersatz f\u00fcr die originale Schauspielerin die Ihren Vertrag nach nur 3-4 Episoden gek\u00fcndigt hat. Wie auch immer, Kathryn gab uns einige coole Momente und sie agierte in eine Art und Weise das sie das Schiff nach Hause kickte. Sie war au\u00dferdem ein Cooler &#8220;acting Companion&#8221; f\u00fcr Seven und den Doctor, und sie gaben uns so viele gut Momente.<\/p>\n\n\n\n<p>ABER der Coolste Schauspieler wurde das &#8220;Schiff&#8221; oder &#8220;das Ding&#8221; genannt und war die Voyager selber. Die Voyager reiste mehr als 70.000 Lichtjahre nach hause und basierend auf den Fakten das sie zuerst in den Delta-Quadrant reiste und zus\u00e4tzlich vor und zur\u00fcck, hat ie mindestens 150-160 Tausend Lichtjahre auf Ihrer 7 Jahres Reise zur\u00fcck gelegt. UND \u2013&nbsp;<strong>SPOILER<\/strong>&nbsp;\u2013 die Story geht weiter.<\/p>\n\n\n\n<p>Die Voyager ist in den B\u00fcchern einem Refit unterzogen und hat ein Design erhalten was mehr an das Enterprise-E  Design angelegt wurde, aber dennoch seine eigene k\u00fcnstlerische Linie behielt.<br>Der ANDERE RICHTIGE SPOILER ist in Star Trek Discovery Staffel 3 zu sehen. <br>Das war so ein Cooler Effekt das ich Netflix anhalten musste um mir das immer und immer wieder anzusehen.<br>Nachdem die Discovery im 31sten Jahrhundert angekommen ist und sich der Flotte anschloss &#8211; wurde gezeigt das die Voyager &#8220;nur&#8221; das erste Schiff einer ganzen Linie war und die NCC 74656-J die Flotte unterst\u00fctzt. Frei Scwebene Warpgondeln waren vorhanden und sie hat ein mehr &#8220;Geometrisches&#8221; design. in dem Nicht-Kanon Universum &#8211; Star Trek Online und die B\u00fccher wird sie (die Voyager-J) als &#8220;Janeway-Klasse&#8221; betitelt was offiziell bisher jedoch noch nicht offiziell best\u00e4tigt wurde.<\/p>\n\n\n\n<p><strong>SPOILER \u2013 END<\/strong>E<\/p>\n\n\n\n<p>ALSO \u2013 Was tue ich hier? Ziel ist es die Ultimative Voyager zu bauen. Dazu nehme ich das Revel modell in 1:670 und mache so viele Modifikationen wie auch nur m\u00f6glich um das beste Modell Schiff \u00fcberhaupt zu bauen.<\/p>\n\n\n\n<p>Ich werde einige Meilensteine der Entwicklung hier posten.<\/p>\n\n\n<div class=\"advgb-recent-posts-block grid-view columns-1\"><div class=\"advgb-recent-posts\"><article class=\"advgb-recent-post advgb-recent-post--no-image\"><div class=\"advgb-post-wrapper\"><h2 class=\"advgb-post-title\"><a href=\"https:\/\/kropp-mancave.com\/?p=2754\">U.S.S. VOYAGER &#8211; Bauen des besten 1: 670 Models<\/a><\/h2><div class=\"advgb-post-info\"><span class=\"advgb-post-datetime\">Posted on 2021-04-08<\/span><\/div><div class=\"advgb-post-tax-info\"><\/div><div class=\"advgb-post-content\"><div class=\"advgb-post-excerpt\"><\/div><\/div><\/div><\/article><article class=\"advgb-recent-post advgb-recent-post--no-image\"><div class=\"advgb-post-wrapper\"><h2 class=\"advgb-post-title\"><a href=\"https:\/\/kropp-mancave.com\/?p=2815\">Warp-Gondel &#8211; Klappmechanismus &#8211; in Arbeit<\/a><\/h2><div class=\"advgb-post-info\"><span class=\"advgb-post-datetime\">Posted on 2021-04-13<\/span><\/div><div class=\"advgb-post-tax-info\"><\/div><div class=\"advgb-post-content\"><div class=\"advgb-post-excerpt\"><\/div><\/div><\/div><\/article><article class=\"advgb-recent-post advgb-recent-post--no-image\"><div class=\"advgb-post-wrapper\"><h2 class=\"advgb-post-title\"><a href=\"https:\/\/kropp-mancave.com\/?p=2783\">Shuttle- Hangar &#8211; in Arbeit<\/a><\/h2><div class=\"advgb-post-info\"><span class=\"advgb-post-datetime\">Posted on 2021-04-17<\/span><\/div><div class=\"advgb-post-tax-info\"><\/div><div class=\"advgb-post-content\"><div class=\"advgb-post-excerpt\"><\/div><\/div><\/div><\/article><article class=\"advgb-recent-post advgb-recent-post--no-image\"><div class=\"advgb-post-wrapper\"><h2 class=\"advgb-post-title\"><a href=\"https:\/\/kropp-mancave.com\/?p=2799\">WARPKERN &#8211; Auswurf-Mechanismus &#8211; in Arbeit<\/a><\/h2><div class=\"advgb-post-info\"><span class=\"advgb-post-datetime\">Posted on 2021-04-18<\/span><\/div><div class=\"advgb-post-tax-info\"><\/div><div class=\"advgb-post-content\"><div class=\"advgb-post-excerpt\"><\/div><\/div><\/div><\/article><article class=\"advgb-recent-post advgb-recent-post--no-image\"><div class=\"advgb-post-wrapper\"><h2 class=\"advgb-post-title\"><a href=\"https:\/\/kropp-mancave.com\/?p=2929\">Das Beleuchten des Modells &#8211; in Arbeit<\/a><\/h2><div class=\"advgb-post-info\"><span class=\"advgb-post-datetime\">Posted on 2021-04-24<\/span><\/div><div class=\"advgb-post-tax-info\"><\/div><div class=\"advgb-post-content\"><div class=\"advgb-post-excerpt\"><\/div><\/div><\/div><\/article><\/div><\/div>\n\n\n<p><\/p>\n<p>Hits: 19<\/p>","protected":false},"excerpt":{"rendered":"<p>SPOILER! \u2013 sofern Ihr noch nicht Discovery gesehen habt.. Bitte lest diesen Text nicht, da er halt Spoiler enth\u00e4lt. Naja, ich bef\u00fcrworte durchaus&#8230;<\/p>\n","protected":false},"author":1,"featured_media":2912,"parent":2035,"menu_order":0,"comment_status":"closed","ping_status":"closed","template":"","meta":{"advgb_blocks_editor_width":"","advgb_blocks_columns_visual_guide":""},"coauthors":[],"author_meta":{"author_link":"https:\/\/kropp-mancave.com\/?author=1","display_name":"Mancave-Master"},"relative_dates":{"created":"Posted 5 years ago","modified":"Updated 5 years ago"},"absolute_dates":{"created":"Posted on 2021-04-03","modified":"Updated on 2021-04-22"},"absolute_dates_time":{"created":"Posted on 2021-04-03 21:49","modified":"Updated on 2021-04-22 22:05"},"featured_img_caption":"","featured_img":"https:\/\/kropp-mancave.com\/wp-content\/uploads\/2021\/04\/voyager-pic.jpg?v=1619118402","_links":{"self":[{"href":"https:\/\/kropp-mancave.com\/index.php?rest_route=\/wp\/v2\/pages\/2717"}],"collection":[{"href":"https:\/\/kropp-mancave.com\/index.php?rest_route=\/wp\/v2\/pages"}],"about":[{"href":"https:\/\/kropp-mancave.com\/index.php?rest_route=\/wp\/v2\/types\/page"}],"author":[{"embeddable":true,"href":"https:\/\/kropp-mancave.com\/index.php?rest_route=\/wp\/v2\/users\/1"}],"replies":[{"embeddable":true,"href":"https:\/\/kropp-mancave.com\/index.php?rest_route=%2Fwp%2Fv2%2Fcomments&post=2717"}],"version-history":[{"count":11,"href":"https:\/\/kropp-mancave.com\/index.php?rest_route=\/wp\/v2\/pages\/2717\/revisions"}],"predecessor-version":[{"id":4937,"href":"https:\/\/kropp-mancave.com\/index.php?rest_route=\/wp\/v2\/pages\/2717\/revisions\/4937"}],"up":[{"embeddable":true,"href":"https:\/\/kropp-mancave.com\/index.php?rest_route=\/wp\/v2\/pages\/2035"}],"wp:featuredmedia":[{"embeddable":true,"href":"https:\/\/kropp-mancave.com\/index.php?rest_route=\/wp\/v2\/media\/2912"}],"wp:attachment":[{"href":"https:\/\/kropp-mancave.com\/index.php?rest_route=%2Fwp%2Fv2%2Fmedia&parent=2717"}],"curies":[{"name":"wp","href":"https:\/\/api.w.org\/{rel}","templated":true}]}}