{"id":2231,"date":"2020-10-04T21:43:28","date_gmt":"2020-10-04T19:43:28","guid":{"rendered":"http:\/\/kropp-mancave.com\/?page_id=2231"},"modified":"2020-10-11T11:14:54","modified_gmt":"2020-10-11T09:14:54","slug":"u-s-s-raven-nar-32540-modelieren","status":"publish","type":"page","link":"https:\/\/kropp-mancave.com\/?page_id=2231","title":{"rendered":"U.S.S. RAVEN &#8211; NAR-32540"},"content":{"rendered":"\n<p>Du m\u00f6chtest zum aktuellen Status des Projektes springen? Dann sieh hier:<\/p>\n\n\n<ul class=\"wp-block-latest-posts__list has-dates aligncenter wp-block-latest-posts\"><li><a href=\"https:\/\/kropp-mancave.com\/?p=2320\">2 &#8211;     NAR \u2013 32450 \u2013 U.S.S RAVEN \u2013 BETA-MODEL IST FERTIG<\/a><time datetime=\"2020-10-11T07:45:46+02:00\" class=\"wp-block-latest-posts__post-date\">2020-10-11<\/time><\/li>\n<\/ul>\n\n\n<p class=\"has-text-align-center\"> ____________________________________<\/p>\n\n\n\n<p class=\"has-medium-font-size\">Wenn du das Projekt von Anfang an lesen willst dann lies hier einfach weiter.<\/p>\n\n\n\n<h2><strong>Projekt: U.S.S. RAVEN<\/strong><\/h2>\n\n\n\n<p>Die USS Raven &#8211; ein Forschungsschiff was dem privatem Bereich der F\u00f6deration, und somit nicht Starfleet unterstellt ist. Daher wird es auch als NAR-32450 anstelle NCC-32450 gef\u00fchrt wird.<\/p>\n\n\n\n<p>Wie bekannt war die Raven das Forschungsschiff wo Anika Hansen AKA Seven of Nine &#8216;s  Eltern die Borg erforschten. <br><br>Wie bekannt, nervt mich die <a href=\"http:\/\/kropp-mancave.com\/?page_id=2245\">U.S.S. Discovery<\/a> weswegen ich meine Skills im Modelieren massiv ausbauen muss. Dort wo es f\u00fcr kleine Shuttles noch reicht, treffe ich sp\u00e4testens bei der Discovery auf arge Probleme durch &#8220;Nichtk\u00f6nnen&#8221;. Nach dem Motto, &#8220;Langsam ern\u00e4hrt sich das Eichh\u00f6rnchen&#8221; fange ich auch langsam an meine Skills auszubauen&#8230; <br><br>Die Grund f\u00fcr die Raven &#8211; ist einfacherweise das sie leicht zu bauen wirkt. einige Vierecke, nen bissel Dreiecke und fertig ist sie&#8230; <\/p>\n\n\n\n<figure class=\"wp-block-image size-large\"><img loading=\"lazy\" width=\"1024\" height=\"346\" src=\"http:\/\/kropp-mancave.com\/wp-content\/uploads\/2020\/10\/Raven1-1024x346.png?v=1601842311\" alt=\"\" class=\"wp-image-2237\" srcset=\"https:\/\/kropp-mancave.com\/wp-content\/uploads\/2020\/10\/Raven1-1024x346.png?v=1601842311 1024w, https:\/\/kropp-mancave.com\/wp-content\/uploads\/2020\/10\/Raven1-300x101.png?v=1601842311 300w, https:\/\/kropp-mancave.com\/wp-content\/uploads\/2020\/10\/Raven1-768x260.png?v=1601842311 768w, https:\/\/kropp-mancave.com\/wp-content\/uploads\/2020\/10\/Raven1-1536x519.png?v=1601842311 1536w, https:\/\/kropp-mancave.com\/wp-content\/uploads\/2020\/10\/Raven1-2048x692.png?v=1601842311 2048w\" sizes=\"(max-width: 1024px) 100vw, 1024px\" \/><\/figure>\n\n\n\n<div class=\"wp-block-media-text alignwide is-stacked-on-mobile\" style=\"grid-template-columns:32% auto\"><figure class=\"wp-block-media-text__media\"><img loading=\"lazy\" width=\"775\" height=\"1024\" src=\"http:\/\/kropp-mancave.com\/wp-content\/uploads\/2020\/10\/Raven2-775x1024.png\" alt=\"\" class=\"wp-image-2238\" srcset=\"https:\/\/kropp-mancave.com\/wp-content\/uploads\/2020\/10\/Raven2-775x1024.png?v=1601842381 775w, https:\/\/kropp-mancave.com\/wp-content\/uploads\/2020\/10\/Raven2-227x300.png?v=1601842381 227w, https:\/\/kropp-mancave.com\/wp-content\/uploads\/2020\/10\/Raven2-768x1015.png?v=1601842381 768w, https:\/\/kropp-mancave.com\/wp-content\/uploads\/2020\/10\/Raven2-1162x1536.png?v=1601842381 1162w, https:\/\/kropp-mancave.com\/wp-content\/uploads\/2020\/10\/Raven2-1550x2048.png?v=1601842381 1550w, https:\/\/kropp-mancave.com\/wp-content\/uploads\/2020\/10\/Raven2.png?v=1601842381 1881w\" sizes=\"(max-width: 775px) 100vw, 775px\" \/><\/figure><div class=\"wp-block-media-text__content\">\n<p>Als Vorlage dient mir das Eaglemoss Model was es zu kaufen gibt. f\u00fcr wenig Geld bekommt man ein hochgradiges Modell. ich muss zwar dennoch im Internet vergleichen wie es aussieht aber an und f\u00fcr sich stimmt das meiste immer. Den Ma\u00dfstab muss ich mir zwar umrechnen da die Eaglemoss version um die 1:750 ist und ich 1:1400 ben\u00f6tige. Demnach f\u00fcr das betrachten ohne Lineal recht leicht da es eigentlich nur die h\u00e4lfte im Ma\u00dfstab ist mit 1-2mm Abweichung.<\/p>\n<\/div><\/div>\n\n\n\n<figure class=\"wp-block-image size-large\"><img loading=\"lazy\" width=\"1024\" height=\"474\" src=\"http:\/\/kropp-mancave.com\/wp-content\/uploads\/2020\/10\/Raven4-1024x474.png?v=1601842601\" alt=\"\" class=\"wp-image-2239\" srcset=\"https:\/\/kropp-mancave.com\/wp-content\/uploads\/2020\/10\/Raven4-1024x474.png?v=1601842601 1024w, https:\/\/kropp-mancave.com\/wp-content\/uploads\/2020\/10\/Raven4-300x139.png?v=1601842601 300w, https:\/\/kropp-mancave.com\/wp-content\/uploads\/2020\/10\/Raven4-768x355.png?v=1601842601 768w, https:\/\/kropp-mancave.com\/wp-content\/uploads\/2020\/10\/Raven4-1536x711.png?v=1601842601 1536w, https:\/\/kropp-mancave.com\/wp-content\/uploads\/2020\/10\/Raven4-2048x948.png?v=1601842601 2048w\" sizes=\"(max-width: 1024px) 100vw, 1024px\" \/><\/figure>\n\n\n\n<p>Weitere Eintr\u00e4ge unten&#8230;<\/p>\n\n\n<ul class=\"wp-block-latest-posts__list has-dates wp-block-latest-posts\"><li><a href=\"https:\/\/kropp-mancave.com\/?p=2202\">1 &#8211;     NAR &#8211; 32450 &#8211; U.S.S RAVEN &#8211; DER ANFANG<\/a><time datetime=\"2020-10-03T20:32:00+02:00\" class=\"wp-block-latest-posts__post-date\">2020-10-03<\/time><\/li>\n<li><a href=\"https:\/\/kropp-mancave.com\/?p=2320\">2 &#8211;     NAR \u2013 32450 \u2013 U.S.S RAVEN \u2013 BETA-MODEL IST FERTIG<\/a><time datetime=\"2020-10-11T07:45:46+02:00\" class=\"wp-block-latest-posts__post-date\">2020-10-11<\/time><\/li>\n<\/ul><p>Hits: 53<\/p>","protected":false},"excerpt":{"rendered":"<p>Du m\u00f6chtest zum aktuellen Status des Projektes springen? Dann sieh hier: ____________________________________ Wenn du das Projekt von Anfang an lesen willst dann lies&#8230;<\/p>\n","protected":false},"author":1,"featured_media":0,"parent":0,"menu_order":0,"comment_status":"closed","ping_status":"closed","template":"","meta":{"advgb_blocks_editor_width":"","advgb_blocks_columns_visual_guide":""},"coauthors":[],"author_meta":{"author_link":"https:\/\/kropp-mancave.com\/?author=1","display_name":"Mancave-Master"},"relative_dates":{"created":"Posted 6 years ago","modified":"Updated 6 years ago"},"absolute_dates":{"created":"Posted on 2020-10-04","modified":"Updated on 2020-10-11"},"absolute_dates_time":{"created":"Posted on 2020-10-04 21:43","modified":"Updated on 2020-10-11 11:14"},"featured_img_caption":"","featured_img":false,"_links":{"self":[{"href":"https:\/\/kropp-mancave.com\/index.php?rest_route=\/wp\/v2\/pages\/2231"}],"collection":[{"href":"https:\/\/kropp-mancave.com\/index.php?rest_route=\/wp\/v2\/pages"}],"about":[{"href":"https:\/\/kropp-mancave.com\/index.php?rest_route=\/wp\/v2\/types\/page"}],"author":[{"embeddable":true,"href":"https:\/\/kropp-mancave.com\/index.php?rest_route=\/wp\/v2\/users\/1"}],"replies":[{"embeddable":true,"href":"https:\/\/kropp-mancave.com\/index.php?rest_route=%2Fwp%2Fv2%2Fcomments&post=2231"}],"version-history":[{"count":10,"href":"https:\/\/kropp-mancave.com\/index.php?rest_route=\/wp\/v2\/pages\/2231\/revisions"}],"predecessor-version":[{"id":2384,"href":"https:\/\/kropp-mancave.com\/index.php?rest_route=\/wp\/v2\/pages\/2231\/revisions\/2384"}],"wp:attachment":[{"href":"https:\/\/kropp-mancave.com\/index.php?rest_route=%2Fwp%2Fv2%2Fmedia&parent=2231"}],"curies":[{"name":"wp","href":"https:\/\/api.w.org\/{rel}","templated":true}]}}