{"id":16,"date":"2020-07-25T09:04:35","date_gmt":"2020-07-25T07:04:35","guid":{"rendered":"http:\/\/kropp-mancave.com\/?page_id=16"},"modified":"2021-07-13T22:58:46","modified_gmt":"2021-07-13T20:58:46","slug":"petrolhead-2","status":"publish","type":"page","link":"https:\/\/kropp-mancave.com\/?page_id=16&lang=en","title":{"rendered":"Petrolhead"},"content":{"rendered":"\n<p>it has wheels\u2026<br>something to steer it\u2026<br>it need a key for ignition\u2026<br>a driver license to drive it\u2026<br>and i need to restaurate it\u2026<\/p>\n\n\n<div class=\"advgb-recent-posts-block list-view image-right\"><div class=\"advgb-recent-posts\"><article class=\"advgb-recent-post\"><div class=\"advgb-post-thumbnail\"><a href=\"https:\/\/kropp-mancave.com\/?p=4998\"><img width=\"640\" height=\"727\" src=\"https:\/\/kropp-mancave.com\/wp-content\/uploads\/2019\/07\/1962-vespa-v50-901x1024.jpg?v=1626238601\" class=\"attachment-large size-large\" alt=\"\" loading=\"lazy\" srcset=\"https:\/\/kropp-mancave.com\/wp-content\/uploads\/2019\/07\/1962-vespa-v50-901x1024.jpg?v=1626238601 901w, https:\/\/kropp-mancave.com\/wp-content\/uploads\/2019\/07\/1962-vespa-v50-264x300.jpg?v=1626238601 264w, https:\/\/kropp-mancave.com\/wp-content\/uploads\/2019\/07\/1962-vespa-v50-768x872.jpg?v=1626238601 768w, https:\/\/kropp-mancave.com\/wp-content\/uploads\/2019\/07\/1962-vespa-v50-1352x1536.jpg?v=1626238601 1352w, https:\/\/kropp-mancave.com\/wp-content\/uploads\/2019\/07\/1962-vespa-v50-1803x2048.jpg?v=1626238601 1803w, https:\/\/kropp-mancave.com\/wp-content\/uploads\/2019\/07\/1962-vespa-v50.jpg?v=1626238601 1905w\" sizes=\"(max-width: 640px) 100vw, 640px\" \/><\/a><\/div><div class=\"advgb-post-wrapper\"><h2 class=\"advgb-post-title\"><a href=\"https:\/\/kropp-mancave.com\/?p=4998\">1967 VESPA V50M \u2013 f\u00fcr Komplett\u00fcberholung<\/a><\/h2><div class=\"advgb-post-info\"><\/div><div class=\"advgb-post-tax-info\"><\/div><div class=\"advgb-post-content\"><div class=\"advgb-post-excerpt\">Erneut \u2013 Ebay Kleinanzeigen \u2013 hier fand ich eine 30 Kilometer weit entfernt. Ich versprach mir selber da ich diese zwar kaufe, jedoch nichts tue bis ich 3 andere Fertig habe und fahren kann\u2026\u00a0\ud83d\ude09\u00a0Aber der Preis hier. 650 Euro komplett f\u00fcr eine 1967er Vesa V50 N mit allen ben\u00f6tigten Teilen, scheint ei<\/div><div class=\"advgb-post-readmore\"><a href=\"https:\/\/kropp-mancave.com\/?p=4998\">Read More<\/a><\/div><\/div><\/div><\/article><article class=\"advgb-recent-post\"><div class=\"advgb-post-thumbnail\"><a href=\"https:\/\/kropp-mancave.com\/?p=5029\"><img width=\"640\" height=\"360\" src=\"https:\/\/kropp-mancave.com\/wp-content\/uploads\/2021\/07\/1970-\u2013-Peugeot-PX-10-\u2013-Racing-Bike-\u2013-Rework_1-1-1024x576.jpeg?v=1626238313\" class=\"attachment-large size-large\" alt=\"\" loading=\"lazy\" srcset=\"https:\/\/kropp-mancave.com\/wp-content\/uploads\/2021\/07\/1970-\u2013-Peugeot-PX-10-\u2013-Racing-Bike-\u2013-Rework_1-1-1024x576.jpeg?v=1626238313 1024w, https:\/\/kropp-mancave.com\/wp-content\/uploads\/2021\/07\/1970-\u2013-Peugeot-PX-10-\u2013-Racing-Bike-\u2013-Rework_1-1-300x169.jpeg?v=1626238313 300w, https:\/\/kropp-mancave.com\/wp-content\/uploads\/2021\/07\/1970-\u2013-Peugeot-PX-10-\u2013-Racing-Bike-\u2013-Rework_1-1-768x432.jpeg?v=1626238313 768w, https:\/\/kropp-mancave.com\/wp-content\/uploads\/2021\/07\/1970-\u2013-Peugeot-PX-10-\u2013-Racing-Bike-\u2013-Rework_1-1-1536x865.jpeg?v=1626238313 1536w, https:\/\/kropp-mancave.com\/wp-content\/uploads\/2021\/07\/1970-\u2013-Peugeot-PX-10-\u2013-Racing-Bike-\u2013-Rework_1-1.jpeg?v=1626238313 1599w\" sizes=\"(max-width: 640px) 100vw, 640px\" \/><\/a><\/div><div class=\"advgb-post-wrapper\"><h2 class=\"advgb-post-title\"><a href=\"https:\/\/kropp-mancave.com\/?p=5029\">1970 \u2013 Peugeot PX 10 \u2013 Racing Bike \u2013 Rework<\/a><\/h2><div class=\"advgb-post-info\"><\/div><div class=\"advgb-post-tax-info\"><\/div><div class=\"advgb-post-content\"><div class=\"advgb-post-excerpt\">text coming soon<\/div><div class=\"advgb-post-readmore\"><a href=\"https:\/\/kropp-mancave.com\/?p=5029\">Read More<\/a><\/div><\/div><\/div><\/article><article class=\"advgb-recent-post\"><div class=\"advgb-post-thumbnail\"><a href=\"https:\/\/kropp-mancave.com\/?p=553\"><img width=\"640\" height=\"480\" src=\"https:\/\/kropp-mancave.com\/wp-content\/uploads\/2020\/05\/29219621_Spider-Transport_Small3-1024x768.jpg?v=1626289283\" class=\"attachment-large size-large\" alt=\"\" loading=\"lazy\" srcset=\"https:\/\/kropp-mancave.com\/wp-content\/uploads\/2020\/05\/29219621_Spider-Transport_Small3-1024x768.jpg?v=1626289283 1024w, https:\/\/kropp-mancave.com\/wp-content\/uploads\/2020\/05\/29219621_Spider-Transport_Small3-300x225.jpg?v=1626289283 300w, https:\/\/kropp-mancave.com\/wp-content\/uploads\/2020\/05\/29219621_Spider-Transport_Small3-768x576.jpg?v=1626289283 768w, https:\/\/kropp-mancave.com\/wp-content\/uploads\/2020\/05\/29219621_Spider-Transport_Small3-1536x1152.jpg?v=1626289283 1536w, https:\/\/kropp-mancave.com\/wp-content\/uploads\/2020\/05\/29219621_Spider-Transport_Small3.jpg?v=1626289283 2016w\" sizes=\"(max-width: 640px) 100vw, 640px\" \/><\/a><\/div><div class=\"advgb-post-wrapper\"><h2 class=\"advgb-post-title\"><a href=\"https:\/\/kropp-mancave.com\/?p=553\">1972 -SPIDER &#8211; CODA TRONCA<\/a><\/h2><div class=\"advgb-post-info\"><\/div><div class=\"advgb-post-tax-info\"><\/div><div class=\"advgb-post-content\"><div class=\"advgb-post-excerpt\">verr\u00fcckt \u2026ein liebenswertes bew\u00f6lktes Wetter heute&#8230;Es ist bereits ein wenig sp\u00e4t. In einer Facebook Gruppe \u00fcber Alfa Romeo ist ein neuer Thread vorhanden&#8230; In Auftrag eines Freundes fragt jemand nacheiner Preis Evaluation f\u00fcr einen Alfa Romeo Spider von 1972&#8230;Ein anderer User Antwortet in deutsc<\/div><div class=\"advgb-post-readmore\"><a href=\"https:\/\/kropp-mancave.com\/?p=553\">Read More<\/a><\/div><\/div><\/div><\/article><article class=\"advgb-recent-post\"><div class=\"advgb-post-thumbnail\"><a href=\"https:\/\/kropp-mancave.com\/?p=5025\"><img width=\"512\" height=\"362\" src=\"https:\/\/kropp-mancave.com\/wp-content\/uploads\/2021\/07\/GULIA-1972-1.png?v=1626239189\" class=\"attachment-large size-large\" alt=\"\" loading=\"lazy\" srcset=\"https:\/\/kropp-mancave.com\/wp-content\/uploads\/2021\/07\/GULIA-1972-1.png?v=1626239189 512w, https:\/\/kropp-mancave.com\/wp-content\/uploads\/2021\/07\/GULIA-1972-1-300x212.png?v=1626239189 300w\" sizes=\"(max-width: 512px) 100vw, 512px\" \/><\/a><\/div><div class=\"advgb-post-wrapper\"><h2 class=\"advgb-post-title\"><a href=\"https:\/\/kropp-mancave.com\/?p=5025\">1972 \u2013 Alfa Romeo \u2013 Giulia GT 1300 Junior \u2013 Restauration<\/a><\/h2><div class=\"advgb-post-info\"><\/div><div class=\"advgb-post-tax-info\"><\/div><div class=\"advgb-post-content\"><div class=\"advgb-post-excerpt\"><\/div><div class=\"advgb-post-readmore\"><a href=\"https:\/\/kropp-mancave.com\/?p=5025\">Read More<\/a><\/div><\/div><\/div><\/article><article class=\"advgb-recent-post\"><div class=\"advgb-post-thumbnail\"><a href=\"https:\/\/kropp-mancave.com\/?p=5047\"><img width=\"565\" height=\"721\" src=\"https:\/\/kropp-mancave.com\/wp-content\/uploads\/2021\/07\/1983-VESPA-PK-80-V85XT_1_small.jpg?v=1626238117\" class=\"attachment-large size-large\" alt=\"\" loading=\"lazy\" srcset=\"https:\/\/kropp-mancave.com\/wp-content\/uploads\/2021\/07\/1983-VESPA-PK-80-V85XT_1_small.jpg?v=1626238117 565w, https:\/\/kropp-mancave.com\/wp-content\/uploads\/2021\/07\/1983-VESPA-PK-80-V85XT_1_small-235x300.jpg?v=1626238117 235w\" sizes=\"(max-width: 565px) 100vw, 565px\" \/><\/a><\/div><div class=\"advgb-post-wrapper\"><h2 class=\"advgb-post-title\"><a href=\"https:\/\/kropp-mancave.com\/?p=5047\">1983 &#8211; VESPA PK 80 &#8211; V85XT<\/a><\/h2><div class=\"advgb-post-info\"><\/div><div class=\"advgb-post-tax-info\"><\/div><div class=\"advgb-post-content\"><div class=\"advgb-post-excerpt\">Ich dachte bereits f\u00fcr eine Weile dar\u00fcber nach und dann fand ich es auf Ebay Kleinanzeigen (Deutsche Seite). Ein Vespa Roller f\u00fcr wenig Geld. Ich kontaktierte den Eigent\u00fcmer und wir machen den Deal gegen 7:30 Uhr morgen. Ich kaufte sie f\u00fcr 350 Euro inklusive aller Dokumente. De vorherige Eigent\u00fcmer <\/div><div class=\"advgb-post-readmore\"><a href=\"https:\/\/kropp-mancave.com\/?p=5047\">Read More<\/a><\/div><\/div><\/div><\/article><article class=\"advgb-recent-post\"><div class=\"advgb-post-thumbnail\"><a href=\"https:\/\/kropp-mancave.com\/?p=5014\"><img width=\"640\" height=\"853\" src=\"https:\/\/kropp-mancave.com\/wp-content\/uploads\/2018\/08\/1983-Vespa-PX-80-768x1024.jpg?v=1626237815\" class=\"attachment-large size-large\" alt=\"\" loading=\"lazy\" srcset=\"https:\/\/kropp-mancave.com\/wp-content\/uploads\/2018\/08\/1983-Vespa-PX-80-768x1024.jpg?v=1626237815 768w, https:\/\/kropp-mancave.com\/wp-content\/uploads\/2018\/08\/1983-Vespa-PX-80-225x300.jpg?v=1626237815 225w, https:\/\/kropp-mancave.com\/wp-content\/uploads\/2018\/08\/1983-Vespa-PX-80-1152x1536.jpg?v=1626237815 1152w, https:\/\/kropp-mancave.com\/wp-content\/uploads\/2018\/08\/1983-Vespa-PX-80.jpg?v=1626237815 1512w\" sizes=\"(max-width: 640px) 100vw, 640px\" \/><\/a><\/div><div class=\"advgb-post-wrapper\"><h2 class=\"advgb-post-title\"><a href=\"https:\/\/kropp-mancave.com\/?p=5014\">1983 &#8211; VESPA PX 80 &#8211; V8X1T<\/a><\/h2><div class=\"advgb-post-info\"><\/div><div class=\"advgb-post-tax-info\"><\/div><div class=\"advgb-post-content\"><div class=\"advgb-post-excerpt\">Ok, heute w\u00e4hrend der Arbeitszeit, schlugen die Suchscripts von Ebay Kleinanzeigen n und fanden eine Vespa PX 80 nahe zu mir mit einem Hinweis &#8220;Verhandlungsbasis&#8221;.Ihn zu kontaktieren war irgendwie Merkw\u00fcrdig. Er schrieb &#8220;mach mir ein Angebot und ich werde es akzeptieren&#8221;. Dadurch machte ich dann hal<\/div><div class=\"advgb-post-readmore\"><a href=\"https:\/\/kropp-mancave.com\/?p=5014\">Read More<\/a><\/div><\/div><\/div><\/article><article class=\"advgb-recent-post\"><div class=\"advgb-post-thumbnail\"><a href=\"https:\/\/kropp-mancave.com\/?p=5019\"><img width=\"640\" height=\"480\" src=\"https:\/\/kropp-mancave.com\/wp-content\/uploads\/2021\/07\/1987-vespapk50autom-1024x768.jpg?v=1626237014\" class=\"attachment-large size-large\" alt=\"\" loading=\"lazy\" srcset=\"https:\/\/kropp-mancave.com\/wp-content\/uploads\/2021\/07\/1987-vespapk50autom-1024x768.jpg?v=1626237014 1024w, https:\/\/kropp-mancave.com\/wp-content\/uploads\/2021\/07\/1987-vespapk50autom-300x225.jpg?v=1626237014 300w, https:\/\/kropp-mancave.com\/wp-content\/uploads\/2021\/07\/1987-vespapk50autom-768x576.jpg?v=1626237014 768w, https:\/\/kropp-mancave.com\/wp-content\/uploads\/2021\/07\/1987-vespapk50autom-1536x1152.jpg?v=1626237014 1536w, https:\/\/kropp-mancave.com\/wp-content\/uploads\/2021\/07\/1987-vespapk50autom-2048x1536.jpg?v=1626237014 2048w\" sizes=\"(max-width: 640px) 100vw, 640px\" \/><\/a><\/div><div class=\"advgb-post-wrapper\"><h2 class=\"advgb-post-title\"><a href=\"https:\/\/kropp-mancave.com\/?p=5019\">1987 \u2013 Vespa PK 50 \u2013 XL2 Automatic<\/a><\/h2><div class=\"advgb-post-info\"><\/div><div class=\"advgb-post-tax-info\"><\/div><div class=\"advgb-post-content\"><div class=\"advgb-post-excerpt\">1987 \u2013 Vespa PK 50 \u2013 XL2 Automatic<\/div><div class=\"advgb-post-readmore\"><a href=\"https:\/\/kropp-mancave.com\/?p=5019\">Read More<\/a><\/div><\/div><\/div><\/article><article class=\"advgb-recent-post\"><div class=\"advgb-post-thumbnail\"><a href=\"https:\/\/kropp-mancave.com\/?p=5075\"><img width=\"640\" height=\"432\" src=\"https:\/\/kropp-mancave.com\/wp-content\/uploads\/2021\/07\/1995-Vespa-PX-80-1.jpg?v=1626237484\" class=\"attachment-large size-large\" alt=\"\" loading=\"lazy\" srcset=\"https:\/\/kropp-mancave.com\/wp-content\/uploads\/2021\/07\/1995-Vespa-PX-80-1.jpg?v=1626237484 900w, https:\/\/kropp-mancave.com\/wp-content\/uploads\/2021\/07\/1995-Vespa-PX-80-1-300x202.jpg?v=1626237484 300w, https:\/\/kropp-mancave.com\/wp-content\/uploads\/2021\/07\/1995-Vespa-PX-80-1-768x518.jpg?v=1626237484 768w\" sizes=\"(max-width: 640px) 100vw, 640px\" \/><\/a><\/div><div class=\"advgb-post-wrapper\"><h2 class=\"advgb-post-title\"><a href=\"https:\/\/kropp-mancave.com\/?p=5075\">1995 &#8211; Vespa PX 80<\/a><\/h2><div class=\"advgb-post-info\"><\/div><div class=\"advgb-post-tax-info\"><\/div><div class=\"advgb-post-content\"><div class=\"advgb-post-excerpt\"><\/div><div class=\"advgb-post-readmore\"><a href=\"https:\/\/kropp-mancave.com\/?p=5075\">Read More<\/a><\/div><\/div><\/div><\/article><article class=\"advgb-recent-post\"><div class=\"advgb-post-thumbnail\"><a href=\"https:\/\/kropp-mancave.com\/?p=5054\"><img width=\"640\" height=\"480\" src=\"https:\/\/kropp-mancave.com\/wp-content\/uploads\/2021\/07\/Alfa-937-GT-Frontright-scaled-1-1024x768.jpg?v=1626209666\" class=\"attachment-large size-large\" alt=\"\" loading=\"lazy\" srcset=\"https:\/\/kropp-mancave.com\/wp-content\/uploads\/2021\/07\/Alfa-937-GT-Frontright-scaled-1-1024x768.jpg?v=1626209666 1024w, https:\/\/kropp-mancave.com\/wp-content\/uploads\/2021\/07\/Alfa-937-GT-Frontright-scaled-1-300x225.jpg?v=1626209666 300w, https:\/\/kropp-mancave.com\/wp-content\/uploads\/2021\/07\/Alfa-937-GT-Frontright-scaled-1-768x576.jpg?v=1626209666 768w, https:\/\/kropp-mancave.com\/wp-content\/uploads\/2021\/07\/Alfa-937-GT-Frontright-scaled-1-1536x1152.jpg?v=1626209666 1536w, https:\/\/kropp-mancave.com\/wp-content\/uploads\/2021\/07\/Alfa-937-GT-Frontright-scaled-1-2048x1536.jpg?v=1626209666 2048w\" sizes=\"(max-width: 640px) 100vw, 640px\" \/><\/a><\/div><div class=\"advgb-post-wrapper\"><h2 class=\"advgb-post-title\"><a href=\"https:\/\/kropp-mancave.com\/?p=5054\">2005 &#8211; Alfa Romeo GT &#8211; 1.9 JTD<\/a><\/h2><div class=\"advgb-post-info\"><\/div><div class=\"advgb-post-tax-info\"><\/div><div class=\"advgb-post-content\"><div class=\"advgb-post-excerpt\">2005 \u2013 Alfa GT \u2013 TYP 937 Heute \u2013 bin ich um 4:00 morgens aufgestanden um ungef\u00e4hr 520 KM nach Bayern zu fahren um einen 2005er Alfa Romeo GT 1.9 JTD preiswert zu kaufen.Problem 1 \u2013 der Eigent\u00fcmer \u2013 ein Junger Student \u2013 sagte das er nur ein \u201ckleines Rost Problem\u201d am rechten Schweller hat und einige F<\/div><div class=\"advgb-post-readmore\"><a href=\"https:\/\/kropp-mancave.com\/?p=5054\">Read More<\/a><\/div><\/div><\/div><\/article><\/div><\/div><p>Hits: 2<\/p>","protected":false},"excerpt":{"rendered":"<p>it has wheels\u2026something to steer it\u2026it need a key for ignition\u2026a driver license to drive it\u2026and i need to restaurate it\u2026 Hits: 2<\/p>\n","protected":false},"author":1,"featured_media":0,"parent":0,"menu_order":0,"comment_status":"closed","ping_status":"closed","template":"","meta":{"advgb_blocks_editor_width":"","advgb_blocks_columns_visual_guide":""},"coauthors":[],"author_meta":{"author_link":"https:\/\/kropp-mancave.com\/?author=1","display_name":"Mancave-Master"},"relative_dates":{"created":"Posted 6 years ago","modified":"Updated 5 years ago"},"absolute_dates":{"created":"Posted on 2020-07-25","modified":"Updated on 2021-07-13"},"absolute_dates_time":{"created":"Posted on 2020-07-25 09:04","modified":"Updated on 2021-07-13 22:58"},"featured_img_caption":"","featured_img":false,"_links":{"self":[{"href":"https:\/\/kropp-mancave.com\/index.php?rest_route=\/wp\/v2\/pages\/16"}],"collection":[{"href":"https:\/\/kropp-mancave.com\/index.php?rest_route=\/wp\/v2\/pages"}],"about":[{"href":"https:\/\/kropp-mancave.com\/index.php?rest_route=\/wp\/v2\/types\/page"}],"author":[{"embeddable":true,"href":"https:\/\/kropp-mancave.com\/index.php?rest_route=\/wp\/v2\/users\/1"}],"replies":[{"embeddable":true,"href":"https:\/\/kropp-mancave.com\/index.php?rest_route=%2Fwp%2Fv2%2Fcomments&post=16"}],"version-history":[{"count":6,"href":"https:\/\/kropp-mancave.com\/index.php?rest_route=\/wp\/v2\/pages\/16\/revisions"}],"predecessor-version":[{"id":5070,"href":"https:\/\/kropp-mancave.com\/index.php?rest_route=\/wp\/v2\/pages\/16\/revisions\/5070"}],"wp:attachment":[{"href":"https:\/\/kropp-mancave.com\/index.php?rest_route=%2Fwp%2Fv2%2Fmedia&parent=16"}],"curies":[{"name":"wp","href":"https:\/\/api.w.org\/{rel}","templated":true}]}}