{"id":4830,"date":"2021-07-09T21:55:24","date_gmt":"2021-07-09T19:55:24","guid":{"rendered":"http:\/\/kropp-mancave.com\/?page_id=4830"},"modified":"2021-07-10T18:19:36","modified_gmt":"2021-07-10T16:19:36","slug":"the-travel","status":"publish","type":"page","link":"http:\/\/kropp-mancave.com\/?page_id=4830","title":{"rendered":"THE TRAVEL"},"content":{"rendered":"\n<p class=\"has-text-align-center has-vivid-cyan-blue-color has-text-color has-huge-font-size\">THE TRAVEL<\/p>\n\n\n\n<p><\/p>\n\n\n\n<p>Einige m\u00f6gen sich jetzt fragen um was es hier geht. &#8220;The Travel&#8221; ist ein Projektname f\u00fcr etwas was ich unabh\u00e4ngig von den bekannten Universen wie Star Wars, Star Trek oder gar Babylon 5 machen will. Etwas an dem ich in all Richtungen denken will. Etwas wo ich Deutsch und English nutzen kann, aber auch meine minimalen Franz\u00f6sisch oder Spanisch Kenntnisse. Etwas was sehr stark Chinesisch inspiriert ist, wo ich die Sprache jetzt lernen m\u00f6chte, angelehnt ist. Als auch Russisch angehaucht. Es sollen all Gro\u00dfm\u00e4chte eine Rolle spielen <br>twas wo ich Modelle in 3D bauen kann die ich in <a rel=\"noreferrer noopener\" href=\"https:\/\/www.blender.org\/\" data-type=\"URL\" data-id=\"https:\/\/www.blender.org\/\" target=\"_blank\"><strong>Blender<\/strong><\/a> entweder zum Leben erwecken kann, oder aber auch zum Drucken kreieren kann. (<a rel=\"noreferrer noopener\" href=\"https:\/\/www.blender.org\/\" data-type=\"URL\" data-id=\"https:\/\/www.blender.org\/\" target=\"_blank\"><strong>Blender<\/strong><\/a> kann ich noch nicht und werd ich lernen m\u00fcssen) Eine Story die  erschaffen werden soll und eine Art Trek zu den Sternen werden soll, ohne auch nur ansatzweise mit Star Trek zu tun haben soll. Es soll mehr Science betont sein, es soll mehr in Relation auf die Gegenwart bezug nehmen und und und. Alles was ich hier posten, designen oder auch wie auch immer erschaffen will, soll mit einander zusammen h\u00e4ngen. <br>Im Endeffekt soll alles wie auch immer Sinn ergeben. <br><br>Ich wei\u00df, dies sind jetzt viele Worte um etwas zu beschreiben, wobei ich gleichzeitig extrem im Dunklen bleibe. Wichtig ist auch das ich mich nicht zu sehr auf die Thema alleine konzentriere. Ich habe ja diese Webseite hier <a rel=\"noreferrer noopener\" href=\"https:\/\/KROPP-MANCAVE.COM\" data-type=\"URL\" data-id=\"https:\/\/KROPP-MANCAVE.COM\" target=\"_blank\"><strong>KROPP-MANCAVE.COM<\/strong><\/a> als auch noch <a rel=\"noreferrer noopener\" href=\"https:\/\/www.kropp-art.com\/\" data-type=\"URL\" data-id=\"https:\/\/www.kropp-art.com\/\" target=\"_blank\"><strong>KROPP-ART.COM<\/strong><\/a>oder aber auch meine neue <strong><a href=\"http:\/\/Travelshootings.com\" data-type=\"URL\" data-id=\"http:\/\/Travelshootings.com\" target=\"_blank\" rel=\"noreferrer noopener\">TRAVELSHOOTINGS.COM<\/a><\/strong> wo Stand 2021.July.09 noch kein Content vorhanden ist. Zeitgleich gibt es ja auch noch meine Arbeit &#8211; Soziale Interaktion. Ich muss auch gestehen mein Privates Netzwerk erstreckt sich aufgrund beruflicher Verpflichtungen von US-Amerika bis nach NewZealand. All das soll nicht zu kurz kommen, demnach bitte nicht verwundert sein, wenn irgendwo irgendwas Zeitlich ein wenig in den Hintergrund rutscht. <br><br>Gruss<br>Mario<\/p>\n<p>Hits: 0<\/p>","protected":false},"excerpt":{"rendered":"<p>THE TRAVEL Einige m\u00f6gen sich jetzt fragen um was es hier geht. &#8220;The Travel&#8221; ist ein Projektname f\u00fcr etwas was ich unabh\u00e4ngig von&#8230;<\/p>\n","protected":false},"author":1,"featured_media":0,"parent":0,"menu_order":0,"comment_status":"open","ping_status":"closed","template":"","meta":{"advgb_blocks_editor_width":"","advgb_blocks_columns_visual_guide":""},"coauthors":[],"author_meta":{"author_link":"http:\/\/kropp-mancave.com\/?author=1","display_name":"Mancave-Master"},"relative_dates":{"created":"Posted 5 years ago","modified":"Updated 5 years ago"},"absolute_dates":{"created":"Posted on 2021-07-09","modified":"Updated on 2021-07-10"},"absolute_dates_time":{"created":"Posted on 2021-07-09 21:55","modified":"Updated on 2021-07-10 18:19"},"featured_img_caption":"","featured_img":false,"_links":{"self":[{"href":"http:\/\/kropp-mancave.com\/index.php?rest_route=\/wp\/v2\/pages\/4830"}],"collection":[{"href":"http:\/\/kropp-mancave.com\/index.php?rest_route=\/wp\/v2\/pages"}],"about":[{"href":"http:\/\/kropp-mancave.com\/index.php?rest_route=\/wp\/v2\/types\/page"}],"author":[{"embeddable":true,"href":"http:\/\/kropp-mancave.com\/index.php?rest_route=\/wp\/v2\/users\/1"}],"replies":[{"embeddable":true,"href":"http:\/\/kropp-mancave.com\/index.php?rest_route=%2Fwp%2Fv2%2Fcomments&post=4830"}],"version-history":[{"count":10,"href":"http:\/\/kropp-mancave.com\/index.php?rest_route=\/wp\/v2\/pages\/4830\/revisions"}],"predecessor-version":[{"id":4954,"href":"http:\/\/kropp-mancave.com\/index.php?rest_route=\/wp\/v2\/pages\/4830\/revisions\/4954"}],"wp:attachment":[{"href":"http:\/\/kropp-mancave.com\/index.php?rest_route=%2Fwp%2Fv2%2Fmedia&parent=4830"}],"curies":[{"name":"wp","href":"https:\/\/api.w.org\/{rel}","templated":true}]}}