{"id":2091,"date":"2020-09-24T20:31:29","date_gmt":"2020-09-24T18:31:29","guid":{"rendered":"http:\/\/kropp-mancave.com\/?page_id=2091"},"modified":"2020-11-07T23:28:52","modified_gmt":"2020-11-07T22:28:52","slug":"licht-im-shuttle-machbarkeitsstudie","status":"publish","type":"page","link":"http:\/\/kropp-mancave.com\/?page_id=2091","title":{"rendered":"LICHT IM SHUTTLE &#8211; MACHBARKEITSSTUDIE"},"content":{"rendered":"\n<p>Die letzten Tage waren verr\u00fcckt. Die Hitze kam &#8211; und die Beine waren  schmerzend. und nun ist auch noch was mit dem Z\u00e4hnen.. Ich warte gerade auf das n\u00e4chste Meeting um die Nerven an zwei meiner Z\u00e4hne zu entfernen. Wie auch immer &#8211; normalerweise sollte ich das bereits nach 2-3h  erledigt haben, aber die schmerzen sorgen daf\u00fcr das ich nach 6 Stunden noch immer nicht fertig geworden bin und selbst die erste \u00dcbersicht ist noch nicht mal wirklich Sehenswert. <\/p>\n\n\n\n<p>Da ich, durch meine Arbeit ein &#8220;Excelist&#8221; mit guten Skills bin, habe ich nat\u00fcrlich damit angefangen das in Excel zusammenzufassen. Wie man unten sieht, habe ich nur ein Shuttle fertig mit allen Ma\u00dfen.<\/p>\n\n\n\n<figure class=\"wp-block-image size-large\"><img loading=\"lazy\" width=\"1024\" height=\"638\" src=\"http:\/\/kropp-mancave.com\/wp-content\/uploads\/2020\/09\/size-v1-shuttle_ext-1024x638.png\" alt=\"\" class=\"wp-image-2085\" srcset=\"http:\/\/kropp-mancave.com\/wp-content\/uploads\/2020\/09\/size-v1-shuttle_ext-1024x638.png?v=1600800978 1024w, http:\/\/kropp-mancave.com\/wp-content\/uploads\/2020\/09\/size-v1-shuttle_ext-300x187.png?v=1600800978 300w, http:\/\/kropp-mancave.com\/wp-content\/uploads\/2020\/09\/size-v1-shuttle_ext-768x478.png?v=1600800978 768w, http:\/\/kropp-mancave.com\/wp-content\/uploads\/2020\/09\/size-v1-shuttle_ext.png?v=1600800978 1113w\" sizes=\"(max-width: 1024px) 100vw, 1024px\" \/><\/figure>\n\n\n\n<p>Diesen Text schreibend, ich realisierte das ich noch nicht mal das Ziel diesesr Story beschrieben habe.<br><br>Hier kommt sie&#8230;<\/p>\n\n\n\n<p>Wie Ihr vielleicht wisst, baue ich im Moment die USS-Reliant im Ma\u00dfstab 1:537. Das bedeutet das diese recht gro\u00df ist.  Zum vergleich die Enterprise D w\u00fcrde in diesem Ma\u00dfstab 1.2 Meter lang werden. Da ich jedoch alle Standard Sternenflotte-Schiffe bauen will w\u00fcrde dies nie in mein Appartement passen. Also muss ich das schmaller gestalten. Ich entschied mich f\u00fcr den Ma\u00dfstab 1:1400 wo es noch immer eine menger Standard modell Kits gibt welche noch immer detailliert genug sind. <\/p>\n\n\n\n<p>Nichtsdestotrotz ich baute f\u00fcr die Reliant die Shuttlehangars welche auch kleine Shuttles beinhalten sollen. Diese Shuttles werde ich selber bauen m\u00fcssen UND ich m\u00f6chte diese mit Licht haben. Zumindest die Triebwerkgondeln sollten mit Licht verf\u00fcgbar sein&#8230;.<\/p>\n\n\n\n<p>Das Problem ist, das dies f\u00fcr 1:537 problemos machbar ist aber einiges an Komplexit\u00e4t hinzukommt je kleiner es wird da die Licht gr\u00f6\u00dfe entsprechend ebenfalls abnehmen muss&#8230;<\/p>\n\n\n\n<p>Aus diesem Grund ist hier das Ziel die Machbarkeit kleine Shuttles mit Licht zu bauen&#8230;<\/p>\n\n\n\n<p>Ein Typ 10 Shuttle hat bereits eine gr\u00f6\u00dfe von L\u00e4nge 6,9mm x H\u00f6he 2,4mm x Breite 4,4mm. Selbst eine Standard LED ist Gr\u00f6\u00dfer.<\/p>\n\n\n\n<p>Learning by doing ist hier pflicht und ich werde mit dem besten Gr\u00f6\u00dfe von 1:350 f\u00fcr Modelle anfangen. Die oben genannte Shuttle f\u00fcr die U.S.S. Defiant w\u00fcrden eine Gr\u00f6\u00dfe haben von L\u00e4nge 27,6mm x 9,6mm x 16,7mm. Nachdem dies dies funktioniert w\u00fcrde ich auf die kleine gr\u00f6\u00dfe 1:537 skalieren, danach auf 1:650 und dann auf 1:1000 und dann 1:1400&#8230; Ich denke dass die Gr\u00f6\u00dfe 1:3600 (DS9 Model Gr\u00f6\u00dfe) unm\u00f6glich sein wird, aber man weiss ja nie&#8230;<\/p>\n\n\n\n<p>Fortsetzung folgt&#8230; klicke hierf\u00fcr auf #1<\/p>\n\n\n<ul class=\"wp-block-latest-posts__list has-dates wp-block-latest-posts\"><li><a href=\"http:\/\/kropp-mancave.com\/?p=2106&#038;lang=en\">1  &#8211;  1:1400 &#8211; Scale &#8211; 2 x Sample<\/a><time datetime=\"2020-09-25T21:17:12+02:00\" class=\"wp-block-latest-posts__post-date\">2020-09-25<\/time><\/li>\n<li><a href=\"http:\/\/kropp-mancave.com\/?p=2119&#038;lang=en\">2 &#8211; BUILDING THE BLANKS<\/a><time datetime=\"2020-09-26T20:57:12+02:00\" class=\"wp-block-latest-posts__post-date\">2020-09-26<\/time><\/li>\n<li><a href=\"http:\/\/kropp-mancave.com\/?p=2151\">3 \u2013 GR\u00d6\u00dfEN ABMA\u00dfE (ANN\u00c4HERND) FERTIG<\/a><time datetime=\"2020-09-27T19:40:18+02:00\" class=\"wp-block-latest-posts__post-date\">2020-09-27<\/time><\/li>\n<\/ul><p>Hits: 143<\/p>","protected":false},"excerpt":{"rendered":"<p>Die letzten Tage waren verr\u00fcckt. Die Hitze kam &#8211; und die Beine waren schmerzend. und nun ist auch noch was mit dem Z\u00e4hnen&#8230;..<\/p>\n","protected":false},"author":1,"featured_media":0,"parent":2035,"menu_order":0,"comment_status":"closed","ping_status":"closed","template":"","meta":{"advgb_blocks_editor_width":"","advgb_blocks_columns_visual_guide":""},"coauthors":[],"author_meta":{"author_link":"http:\/\/kropp-mancave.com\/?author=1","display_name":"Mancave-Master"},"relative_dates":{"created":"Posted 6 years ago","modified":"Updated 6 years ago"},"absolute_dates":{"created":"Posted on 2020-09-24","modified":"Updated on 2020-11-07"},"absolute_dates_time":{"created":"Posted on 2020-09-24 20:31","modified":"Updated on 2020-11-07 23:28"},"featured_img_caption":"","featured_img":false,"_links":{"self":[{"href":"http:\/\/kropp-mancave.com\/index.php?rest_route=\/wp\/v2\/pages\/2091"}],"collection":[{"href":"http:\/\/kropp-mancave.com\/index.php?rest_route=\/wp\/v2\/pages"}],"about":[{"href":"http:\/\/kropp-mancave.com\/index.php?rest_route=\/wp\/v2\/types\/page"}],"author":[{"embeddable":true,"href":"http:\/\/kropp-mancave.com\/index.php?rest_route=\/wp\/v2\/users\/1"}],"replies":[{"embeddable":true,"href":"http:\/\/kropp-mancave.com\/index.php?rest_route=%2Fwp%2Fv2%2Fcomments&post=2091"}],"version-history":[{"count":10,"href":"http:\/\/kropp-mancave.com\/index.php?rest_route=\/wp\/v2\/pages\/2091\/revisions"}],"predecessor-version":[{"id":2667,"href":"http:\/\/kropp-mancave.com\/index.php?rest_route=\/wp\/v2\/pages\/2091\/revisions\/2667"}],"up":[{"embeddable":true,"href":"http:\/\/kropp-mancave.com\/index.php?rest_route=\/wp\/v2\/pages\/2035"}],"wp:attachment":[{"href":"http:\/\/kropp-mancave.com\/index.php?rest_route=%2Fwp%2Fv2%2Fmedia&parent=2091"}],"curies":[{"name":"wp","href":"https:\/\/api.w.org\/{rel}","templated":true}]}}